{"id":658,"date":"2015-05-22T08:05:37","date_gmt":"2015-05-22T07:05:37","guid":{"rendered":"http:\/\/blog.iesvalledelsaja.es\/?page_id=658"},"modified":"2016-05-23T19:30:07","modified_gmt":"2016-05-23T18:30:07","slug":"mi-opera","status":"publish","type":"page","link":"http:\/\/blog.iesvalledelsaja.es\/?page_id=658","title":{"rendered":"MI \u00d3PERA"},"content":{"rendered":"<h1 style=\"text-align: center;\"><span style=\"color: #003366;\"><em><span style=\"text-decoration: underline;\"><strong>Mi \u00d3pera<br \/>\n<\/strong><\/span><\/em><\/span><\/h1>\n<h3 style=\"text-align: justify;\"><span style=\"color: #003366;\">Antes de ver una \u00f3pera en directo es muy recomendable conocer dicha \u00f3pera para poder disfrutarla m\u00e1s.<\/span><\/h3>\n<h3 style=\"text-align: justify;\"><span style=\"color: #003366;\">Cada uno de los alumnos de <strong>Historia de la M\u00fasica de 2\u00ba de Bachillerato<\/strong> ha elegido una \u00f3pera sobre la que ha trabajado como si fuera el paso previo a ver dicha \u00f3pera en directo.<\/span><\/h3>\n<h3 style=\"text-align: center;\"><span style=\"color: #003366;\"><strong><em>Curso 2015-2016<\/em><\/strong><\/span><\/h3>\n<p style=\"text-align: center;\"><a href=\"http:\/\/blog.iesvalledelsaja.es\/wp-content\/uploads\/2015\/05\/IMG_20160520_091120.jpg\"><img loading=\"lazy\" decoding=\"async\" class=\"aligncenter size-full wp-image-1210\" src=\"http:\/\/blog.iesvalledelsaja.es\/wp-content\/uploads\/2015\/05\/IMG_20160520_091120.jpg\" alt=\"IMG_20160520_091120\" width=\"3264\" height=\"2448\" srcset=\"http:\/\/blog.iesvalledelsaja.es\/wp-content\/uploads\/2015\/05\/IMG_20160520_091120.jpg 3264w, http:\/\/blog.iesvalledelsaja.es\/wp-content\/uploads\/2015\/05\/IMG_20160520_091120-300x225.jpg 300w, http:\/\/blog.iesvalledelsaja.es\/wp-content\/uploads\/2015\/05\/IMG_20160520_091120-768x576.jpg 768w, http:\/\/blog.iesvalledelsaja.es\/wp-content\/uploads\/2015\/05\/IMG_20160520_091120-1024x768.jpg 1024w\" sizes=\"auto, (max-width: 3264px) 100vw, 3264px\" \/><\/a><\/p>\n<h3 style=\"text-align: center;\"><em><span style=\"color: #003366;\"><strong>Curso 2014-2015<\/strong><\/span><\/em><\/h3>\n<p><a href=\"http:\/\/blog.iesvalledelsaja.es\/wp-content\/uploads\/2015\/05\/2\u00baBach-14-15.jpg\"><img loading=\"lazy\" decoding=\"async\" class=\"aligncenter size-full wp-image-678\" src=\"http:\/\/blog.iesvalledelsaja.es\/wp-content\/uploads\/2015\/05\/2\u00baBach-14-15.jpg\" alt=\"2\u00baBach 14-15\" width=\"3264\" height=\"1838\" srcset=\"http:\/\/blog.iesvalledelsaja.es\/wp-content\/uploads\/2015\/05\/2\u00baBach-14-15.jpg 3264w, http:\/\/blog.iesvalledelsaja.es\/wp-content\/uploads\/2015\/05\/2\u00baBach-14-15-300x169.jpg 300w, http:\/\/blog.iesvalledelsaja.es\/wp-content\/uploads\/2015\/05\/2\u00baBach-14-15-1024x577.jpg 1024w\" sizes=\"auto, (max-width: 3264px) 100vw, 3264px\" \/><\/a><\/p>\n<h3 style=\"text-align: justify;\"><span style=\"color: #003366;\">Os dejamos esa labor hecha y esperamos que os sirva de antesala a una noche de \u00f3pera&#8230;<\/span><\/h3>\n<p><strong>BARROCO<\/strong><\/p>\n<p><a href=\"http:\/\/blog.iesvalledelsaja.es\/?p=1133\" target=\"_blank\"><em>L&#8217;Orfeo<\/em> de C. Monteverdi<\/a>, por Cristina Quintana Angulo (curso 2015-2016)<\/p>\n<p><span style=\"color: #000000;\"><strong>CLASICISMO<\/strong><\/span><\/p>\n<p><a href=\"http:\/\/blog.iesvalledelsaja.es\/?p=1111\" target=\"_blank\"><em>Orfeo y Euridice<\/em> de C. W. Gluck<\/a>, por Nadia Lombra\u00f1a Hoyos Curso 2015-2016)<\/p>\n<p><a href=\"http:\/\/blog.iesvalledelsaja.es\/?p=880\" target=\"_blank\"><em>La flauta m\u00e1gica<\/em> de W.A. Mozart<\/a>, por Andrea Garc\u00eda Gonz\u00e1lez (curso 2014-2015)<\/p>\n<p><strong>ROMANTICISMO ALEM\u00c1N<\/strong><\/p>\n<p><a href=\"http:\/\/blog.iesvalledelsaja.es\/?p=761\" target=\"_blank\"><em>Fidelio<\/em> de L. van Beethoven<\/a>, por Jazm\u00edn Romero Ruiz (curso 2014-2015)<\/p>\n<p><em><a href=\"http:\/\/blog.iesvalledelsaja.es\/?p=1183\" target=\"_blank\">Hansel y Gretel<\/a><\/em><a href=\"http:\/\/blog.iesvalledelsaja.es\/?p=1183\" target=\"_blank\"> de E. Humperdink<\/a>, por Mar\u00eda G\u00f3mez Guti\u00e9rrez (curso 2015-2016)<\/p>\n<p><strong>ROMANTICISMO ITALIANO<\/strong><\/p>\n<p><a href=\"http:\/\/blog.iesvalledelsaja.es\/?p=728\" target=\"_blank\"><em>El barbero de Sevilla <\/em>de G. Rossini<\/a>, por Cecilia Ruiz Vigil (curso 2014-2015)<\/p>\n<p><a href=\"http:\/\/blog.iesvalledelsaja.es\/?p=800\" target=\"_blank\"><em>Norma<\/em> de V. Bellini<\/a>, por Sergio Conde Campo (curso 2014-2015)<\/p>\n<p><a href=\"http:\/\/blog.iesvalledelsaja.es\/?p=866\" target=\"_blank\"><em>Luc\u00eda de Lammermoor<\/em> de G. Donizetti<\/a>, por Alba P\u00e9rez S\u00e1nchez (curso 2014-2015)<\/p>\n<p><a href=\"http:\/\/blog.iesvalledelsaja.es\/?p=684\" target=\"_blank\"><em>La Traviata<\/em> de G. Verdi<\/a>, por Mar\u00eda Bazo P\u00e9rez (curso 2014-2015)<\/p>\n<p><a href=\"http:\/\/blog.iesvalledelsaja.es\/?p=851\" target=\"_blank\"><em>Madama Butterfly<\/em> de G. Puccini<\/a>, por Cristian Rodr\u00edguez del Saz\u00a0 (curso 2014-2015)<\/p>\n<p><a href=\"http:\/\/blog.iesvalledelsaja.es\/?p=1109\" target=\"_blank\"><em>Turandot<\/em> de G. Puccini<\/a>, por Gelo Fern\u00e1ndez Serrano (curso 2015-2016)<\/p>\n<p><strong>OTROS ROMANTICISMOS<\/strong><\/p>\n<p><a href=\"http:\/\/blog.iesvalledelsaja.es\/?p=1152\" target=\"_blank\"><em>Eugene Onegin<\/em> de P.I. Tchaikovsky<\/a>, por Pedro Ter\u00e1n Quijano<\/p>\n<p><strong>VERISMO ITALIANO<\/strong><\/p>\n<p><a href=\"http:\/\/blog.iesvalledelsaja.es\/?p=776\" target=\"_blank\"><em>La Boh\u00e8me<\/em> de G. Puccini<\/a>, por Sof\u00eda Callejo Berberana (curso 2014-2015)<\/p>\n<p><a href=\"http:\/\/blog.iesvalledelsaja.es\/?p=786\" target=\"_blank\"><em>Tosca<\/em> de G. Puccini<\/a>, por Lydia Gilmart\u00edn Ruiz (curso 2014-2015)<\/p>\n<p><a href=\"http:\/\/blog.iesvalledelsaja.es\/?p=896\" target=\"_blank\"><em>Cavalleria Rusticana<\/em> de P. Mascagni<\/a>, por Mar\u00eda S\u00e1nchez de la Vega (curso 2014-2015)<\/p>\n<p><strong>ROMANTICISMO FRANC\u00c9S<\/strong><\/p>\n<p><a href=\"http:\/\/blog.iesvalledelsaja.es\/?p=746\" target=\"_blank\"><em>Fausto<\/em> de C. Gounod<\/a>, por Celia Marcos Mart\u00ednez (curso 2014-2015)<\/p>\n<p><a href=\"http:\/\/blog.iesvalledelsaja.es\/?p=908\" target=\"_blank\"><em>Carmen<\/em> de G. Bizet<\/a>, por Fernando Garc\u00eda Guti\u00e9rrez (curso 2014-2015)<\/p>\n<p><a href=\"http:\/\/blog.iesvalledelsaja.es\/?p=1185\" target=\"_blank\"><em>Manon<\/em> de Jules Massenet<\/a>, por Iv\u00e1n Garc\u00eda Mere (curso 2015-2016)<\/p>\n<p><strong>NACIONALISMOS<\/strong><\/p>\n<p><a href=\"http:\/\/blog.iesvalledelsaja.es\/?p=1135\" target=\"_blank\"><em>Boris Godunov<\/em> de M. M\u00fassorgski<\/a>, por Ana Aleksic (curso 2015-2016)<\/p>\n<p><a href=\"http:\/\/blog.iesvalledelsaja.es\/?p=1148\" target=\"_blank\"><em>Rusalka<\/em> de A. Dvorak<\/a>, por Sara Gonz\u00e1lez Gonz\u00e1lez (curso 2015-2016)<\/p>\n<p>&nbsp;<\/p>\n","protected":false},"excerpt":{"rendered":"<p>Mi \u00d3pera Antes de ver una \u00f3pera en directo es muy recomendable conocer dicha \u00f3pera para poder disfrutarla m\u00e1s. Cada uno de los alumnos de Historia de la M\u00fasica de 2\u00ba de Bachillerato ha elegido una \u00f3pera sobre la que &hellip; <a href=\"http:\/\/blog.iesvalledelsaja.es\/?page_id=658\">Continue reading <span class=\"meta-nav\">&rarr;<\/span><\/a><\/p>\n","protected":false},"author":3,"featured_media":0,"parent":0,"menu_order":0,"comment_status":"open","ping_status":"open","template":"","meta":{"footnotes":""},"class_list":["post-658","page","type-page","status-publish","hentry"],"_links":{"self":[{"href":"http:\/\/blog.iesvalledelsaja.es\/index.php?rest_route=\/wp\/v2\/pages\/658","targetHints":{"allow":["GET"]}}],"collection":[{"href":"http:\/\/blog.iesvalledelsaja.es\/index.php?rest_route=\/wp\/v2\/pages"}],"about":[{"href":"http:\/\/blog.iesvalledelsaja.es\/index.php?rest_route=\/wp\/v2\/types\/page"}],"author":[{"embeddable":true,"href":"http:\/\/blog.iesvalledelsaja.es\/index.php?rest_route=\/wp\/v2\/users\/3"}],"replies":[{"embeddable":true,"href":"http:\/\/blog.iesvalledelsaja.es\/index.php?rest_route=%2Fwp%2Fv2%2Fcomments&post=658"}],"version-history":[{"count":46,"href":"http:\/\/blog.iesvalledelsaja.es\/index.php?rest_route=\/wp\/v2\/pages\/658\/revisions"}],"predecessor-version":[{"id":1212,"href":"http:\/\/blog.iesvalledelsaja.es\/index.php?rest_route=\/wp\/v2\/pages\/658\/revisions\/1212"}],"wp:attachment":[{"href":"http:\/\/blog.iesvalledelsaja.es\/index.php?rest_route=%2Fwp%2Fv2%2Fmedia&parent=658"}],"curies":[{"name":"wp","href":"https:\/\/api.w.org\/{rel}","templated":true}]}}