{"id":360,"date":"2014-03-30T22:08:21","date_gmt":"2014-03-30T21:08:21","guid":{"rendered":"http:\/\/blog.iesvalledelsaja.es\/?page_id=360"},"modified":"2022-11-08T20:58:56","modified_gmt":"2022-11-08T19:58:56","slug":"una-noche-en-la-opera","status":"publish","type":"page","link":"http:\/\/blog.iesvalledelsaja.es\/?page_id=360","title":{"rendered":"UNA NOCHE EN LA \u00d3PERA"},"content":{"rendered":"<h1 style=\"text-align: center;\"><span style=\"text-decoration: underline; color: #000080;\"><em><strong>UNA NOCHE EN LA \u00d3PERA CON LOS ALUMNOS DE 2\u00ba DE BACHILLERATO<\/strong><\/em><\/span><\/h1>\n<p style=\"text-align: justify;\"><span style=\"color: #800000;\">Una vez m\u00e1s este curso hemos ido a la \u00f3pera al TCME de Torrelavega. Esta vez ha sido <strong><em>Tosca<\/em><\/strong> de Puccini. Nos gust\u00f3 mucho a todos.<\/span><\/p>\n<p style=\"text-align: justify;\"><a href=\"http:\/\/blog.iesvalledelsaja.es\/wp-content\/uploads\/2014\/03\/20170318_222551.jpg\"><img loading=\"lazy\" decoding=\"async\" class=\"aligncenter size-full wp-image-1218\" src=\"http:\/\/blog.iesvalledelsaja.es\/wp-content\/uploads\/2014\/03\/20170318_222551.jpg\" alt=\"\" width=\"4160\" height=\"2336\" srcset=\"http:\/\/blog.iesvalledelsaja.es\/wp-content\/uploads\/2014\/03\/20170318_222551.jpg 4160w, http:\/\/blog.iesvalledelsaja.es\/wp-content\/uploads\/2014\/03\/20170318_222551-300x168.jpg 300w, http:\/\/blog.iesvalledelsaja.es\/wp-content\/uploads\/2014\/03\/20170318_222551-768x431.jpg 768w, http:\/\/blog.iesvalledelsaja.es\/wp-content\/uploads\/2014\/03\/20170318_222551-1024x575.jpg 1024w\" sizes=\"auto, (max-width: 4160px) 100vw, 4160px\" \/><\/a><span style=\"color: #800000;\"><em>Tosca\u00a0<\/em>se estren\u00f3 justo en el cambio de siglo (14 de enero de 1900) y en Roma, la misma ciudad en la que se desarrolla la acci\u00f3n. Mezcla de historia de amor y de &#8220;novela negra&#8221;, no sorprende que tuviera tanto \u00e9xito, por no hablar de su m\u00fasica exquisita&#8230;<\/span><\/p>\n<p style=\"text-align: justify;\"><span style=\"color: #800000;\">En el Teatro Municipal Concha Espina la producci\u00f3n ha sido de Concerl\u00edrica. Interpretada por la orquesta y el coro de la \u00d3pera Nacional de Kishinau, bajo la direcci\u00f3n de Nicolae Dohoratu. Los protagonistas fueron la soprano Rodica Picirenau en el papel de Floria Tosca, el tenor Daniel Damianov en el de Mario Cavaradossi, y el bajo Luis Cansino en el papel de Scarpia<\/span><\/p>\n<p style=\"text-align: justify;\"><a href=\"http:\/\/blog.iesvalledelsaja.es\/wp-content\/uploads\/2014\/03\/20170515_165929-1.jpg\"><img loading=\"lazy\" decoding=\"async\" class=\"aligncenter  wp-image-1220\" src=\"http:\/\/blog.iesvalledelsaja.es\/wp-content\/uploads\/2014\/03\/20170515_165929-1.jpg\" alt=\"\" width=\"402\" height=\"612\" srcset=\"http:\/\/blog.iesvalledelsaja.es\/wp-content\/uploads\/2014\/03\/20170515_165929-1.jpg 2336w, http:\/\/blog.iesvalledelsaja.es\/wp-content\/uploads\/2014\/03\/20170515_165929-1-197x300.jpg 197w, http:\/\/blog.iesvalledelsaja.es\/wp-content\/uploads\/2014\/03\/20170515_165929-1-768x1168.jpg 768w, http:\/\/blog.iesvalledelsaja.es\/wp-content\/uploads\/2014\/03\/20170515_165929-1-673x1024.jpg 673w\" sizes=\"auto, (max-width: 402px) 100vw, 402px\" \/><\/a><\/p>\n<p style=\"text-align: justify;\"><span style=\"color: #003300;\">El pasado domingo 13 de Marzo volvimos a la \u00f3pera al TMCE de Torrelavega. Disfrutamos de <em><strong>La Boheme<\/strong><\/em> <span style=\"color: #003300;\">de Puccini, de su maravillosa m\u00fasica y de una estupenda interpretaci\u00f3n.<\/span> <\/span><\/p>\n<p style=\"text-align: justify;\"><a href=\"http:\/\/blog.iesvalledelsaja.es\/wp-content\/uploads\/2014\/03\/IMG_1625.jpg\" rel=\"attachment wp-att-1130\"><img loading=\"lazy\" decoding=\"async\" class=\"aligncenter size-full wp-image-1130\" src=\"http:\/\/blog.iesvalledelsaja.es\/wp-content\/uploads\/2014\/03\/IMG_1625.jpg\" alt=\"IMG_1625\" width=\"2592\" height=\"1936\" srcset=\"http:\/\/blog.iesvalledelsaja.es\/wp-content\/uploads\/2014\/03\/IMG_1625.jpg 2592w, http:\/\/blog.iesvalledelsaja.es\/wp-content\/uploads\/2014\/03\/IMG_1625-300x224.jpg 300w, http:\/\/blog.iesvalledelsaja.es\/wp-content\/uploads\/2014\/03\/IMG_1625-768x574.jpg 768w, http:\/\/blog.iesvalledelsaja.es\/wp-content\/uploads\/2014\/03\/IMG_1625-1024x765.jpg 1024w\" sizes=\"auto, (max-width: 2592px) 100vw, 2592px\" \/><\/a><em><strong><span style=\"color: #003300;\">La Boheme,\u00a0<\/span><\/strong><\/em><span style=\"color: #003300;\">b<\/span><span style=\"color: #003300;\">asada en en la novela <\/span><em><strong><span style=\"color: #003300;\">Escenas de la vida moderna en cuatro actos <\/span><\/strong><\/em><span style=\"color: #003300;\">de Louis-Henri Murger, sobre un libreto de Giuseppe Giacosa y Luigi Illica, se desarrolla en el Par\u00eds de 1830. Puccini la estren\u00f3 en 1896 dirigida por Toscanini y, aunque al principio no tuvo mucho \u00e9xito, enseguida se convirti\u00f3 en una de las \u00f3peras m\u00e1s apreciadas por el p\u00fablico.<\/span><\/p>\n<p style=\"text-align: justify;\"><span style=\"color: #003300;\">En Torrelavega <\/span><span style=\"color: #003300;\">hemos<\/span> <span style=\"color: #003300;\">visto una producci\u00f3n de Concerl\u00edrica Internacional, dirigida por Nicolae Dohotaru. Con el tenor Oleg Zlakoman en el papel de Rodolfo, y la soprano Ver\u00f3nica Tello en el papel de Mim\u00ed. La orquesta y el coro pertenecen al Teatro Nacional de Moldavia.<\/span><\/p>\n<p style=\"text-align: justify;\"><span style=\"color: #003300;\"><a href=\"http:\/\/blog.iesvalledelsaja.es\/wp-content\/uploads\/2014\/03\/IMG_1626.jpg\" rel=\"attachment wp-att-1131\"><img loading=\"lazy\" decoding=\"async\" class=\"aligncenter wp-image-1131\" src=\"http:\/\/blog.iesvalledelsaja.es\/wp-content\/uploads\/2014\/03\/IMG_1626.jpg\" alt=\"IMG_1626\" width=\"427\" height=\"572\" srcset=\"http:\/\/blog.iesvalledelsaja.es\/wp-content\/uploads\/2014\/03\/IMG_1626.jpg 1936w, http:\/\/blog.iesvalledelsaja.es\/wp-content\/uploads\/2014\/03\/IMG_1626-224x300.jpg 224w, http:\/\/blog.iesvalledelsaja.es\/wp-content\/uploads\/2014\/03\/IMG_1626-768x1028.jpg 768w, http:\/\/blog.iesvalledelsaja.es\/wp-content\/uploads\/2014\/03\/IMG_1626-765x1024.jpg 765w\" sizes=\"auto, (max-width: 427px) 100vw, 427px\" \/><\/a><\/span><\/p>\n<p style=\"text-align: justify;\">Otra noche de \u00f3pera en el Teatro Municipal Concha Espina de Torrelavega&#8230; Esta vez, 21 de Marzo de 2015, ha sido <strong><em>Nabbuco<\/em><\/strong>, de Verdi. Creo poder decir que a todos nos gust\u00f3 mucho.<\/p>\n<p style=\"text-align: justify;\"><a href=\"http:\/\/blog.iesvalledelsaja.es\/wp-content\/uploads\/2014\/03\/2015-03-21-21.15.48.jpg\"><img loading=\"lazy\" decoding=\"async\" class=\"aligncenter size-full wp-image-651\" src=\"http:\/\/blog.iesvalledelsaja.es\/wp-content\/uploads\/2014\/03\/2015-03-21-21.15.48.jpg\" alt=\"2015-03-21 21.15.48\" width=\"2592\" height=\"1936\" srcset=\"http:\/\/blog.iesvalledelsaja.es\/wp-content\/uploads\/2014\/03\/2015-03-21-21.15.48.jpg 2592w, http:\/\/blog.iesvalledelsaja.es\/wp-content\/uploads\/2014\/03\/2015-03-21-21.15.48-300x224.jpg 300w, http:\/\/blog.iesvalledelsaja.es\/wp-content\/uploads\/2014\/03\/2015-03-21-21.15.48-1024x765.jpg 1024w\" sizes=\"auto, (max-width: 2592px) 100vw, 2592px\" \/><\/a><strong><em>Nabucco<\/em><\/strong> es una \u00f3pera en cuatro actos, cuyo libreto, de Tem\u00edstocle Solera, est\u00e1 basado en textos del Antiguo Testamento y en la obra <em>Nabuchodonosor<\/em> de Francis Cornue y Anic\u00e8te Bourgeois. Estrenada en 1842, fue el primer gran \u00e9xito de Verdi, y el coro <em>&#8220;Va, pensiero&#8230;&#8221;, <\/em>que se convirti\u00f3 en s\u00edmbolo del Risorgimiento italiano, es uno de los m\u00e1s conocidos de la historia de la \u00f3pera.<\/p>\n<p style=\"text-align: justify;\">Dirigida por Nicolae Dohotaru, estuvo protagonizada por la soprano l\u00edrica dram\u00e1tica Luna Seungeun en el papel de Abigail, y el bajo Maksin Ivaschuk en el papel del Pont\u00edfice Hebreo. Tambi\u00e9n el bar\u00edtono Pedro Carrillo como Nabucodonosor, la mezzosoprano Anna Maksudova como Fenena, y el tenor H\u00e9ctor L\u00f3pez como Ismael. La orquesta y el coro eran de la Gran \u00d3pera Nacional de Moldavia.<\/p>\n<p style=\"text-align: justify;\"><a href=\"http:\/\/blog.iesvalledelsaja.es\/wp-content\/uploads\/2014\/03\/2015-03-22-01.40.27.jpg\"><img loading=\"lazy\" decoding=\"async\" class=\"aligncenter wp-image-652 \" src=\"http:\/\/blog.iesvalledelsaja.es\/wp-content\/uploads\/2014\/03\/2015-03-22-01.40.27-e1427022042829.jpg\" alt=\"2015-03-22 01.40.27\" width=\"435\" height=\"583\" srcset=\"http:\/\/blog.iesvalledelsaja.es\/wp-content\/uploads\/2014\/03\/2015-03-22-01.40.27-e1427022042829.jpg 1936w, http:\/\/blog.iesvalledelsaja.es\/wp-content\/uploads\/2014\/03\/2015-03-22-01.40.27-e1427022042829-224x300.jpg 224w, http:\/\/blog.iesvalledelsaja.es\/wp-content\/uploads\/2014\/03\/2015-03-22-01.40.27-e1427022042829-765x1024.jpg 765w\" sizes=\"auto, (max-width: 435px) 100vw, 435px\" \/><\/a><\/p>\n<p style=\"text-align: justify;\"><span style=\"color: #000080;\">La pasada noche del 29 de Marzo de 2014, los alumnos de 2\u00ba de Bachiller y su profesora acudimos a ver la \u00f3pera <strong><em>Carmen<\/em><\/strong> de Georges Bizet al Teatro Municipal Concha Espina de Torrelavega.<\/span><\/p>\n<p style=\"text-align: center;\"><a href=\"http:\/\/blog.iesvalledelsaja.es\/wp-content\/uploads\/2014\/03\/DSC_0457.jpg\"><img loading=\"lazy\" decoding=\"async\" class=\"aligncenter size-full wp-image-365\" src=\"http:\/\/blog.iesvalledelsaja.es\/wp-content\/uploads\/2014\/03\/DSC_0457.jpg\" alt=\"DSC_0457\" width=\"2592\" height=\"1944\" srcset=\"http:\/\/blog.iesvalledelsaja.es\/wp-content\/uploads\/2014\/03\/DSC_0457.jpg 2592w, http:\/\/blog.iesvalledelsaja.es\/wp-content\/uploads\/2014\/03\/DSC_0457-300x225.jpg 300w, http:\/\/blog.iesvalledelsaja.es\/wp-content\/uploads\/2014\/03\/DSC_0457-1024x768.jpg 1024w\" sizes=\"auto, (max-width: 2592px) 100vw, 2592px\" \/><\/a><\/p>\n<p style=\"text-align: justify;\"><span style=\"color: #000080;\">El libreto de Ludovic H\u00e1levy y Henri Meilhac est\u00e1 basado en la novela del mismo nombre de Prosper M\u00e9rim\u00e9e publicada en 1845. Treinta a\u00f1os despu\u00e9s la \u00f3pera se estrenaba en Par\u00eds&#8230; y fue un rotundo fracaso. Ambientada en la Sevilla de la segunda d\u00e9cada del siglo XIX, hoy es la \u00f3pera francesa m\u00e1s conocida y representada en todos los teatros de \u00f3pera.<\/span><\/p>\n<p style=\"text-align: justify;\"><span style=\"color: #000000;\"><span style=\"color: #000080;\">La representaci\u00f3n estuvo a cargo de la ucraniana Dombass Opera Theatre, siendo dirigida por Vladimir Brubleski. En los papeles principales, la mezzosoprano Natalia Matvieva como Carmen, el tenor H\u00e9ctor L\u00f3pez como Don Jos\u00e9, la soprano Anastasia Golub como Micaela, y el bar\u00edtono DonghKyu On como el torero Escamillo.<\/span><br \/>\n<\/span><\/p>\n<p style=\"text-align: center;\">\n<h2 style=\"text-align: justify;\"><span style=\"color: #000080;\">Despu\u00e9s de posar en el photocall del teatro, el siguiente paso es comentar el evento, as\u00ed que espero vuestras aportaciones en esta p\u00e1gina&#8230;<\/span><\/h2>\n<h2 style=\"text-align: center;\"><span style=\"color: #000080;\">Mientras tanto, siempre es divertido pasar <strong><em>una noche en la \u00f3pera<\/em><\/strong> con los hermanos Marx.<\/span><\/h2>\n<p style=\"text-align: center;\"><a href=\"http:\/\/iframewidth=420height=315src=\/\/www.youtube.com\/embed\/6ml4Tk2r_9wframeborder=0allowfullscreen\/iframe\"><iframe loading=\"lazy\" src=\"\/\/www.youtube.com\/embed\/6ml4Tk2r_9w\" width=\"420\" height=\"315\" frameborder=\"0\" allowfullscreen=\"allowfullscreen\"><\/iframe><\/a><\/p>\n","protected":false},"excerpt":{"rendered":"<p>UNA NOCHE EN LA \u00d3PERA CON LOS ALUMNOS DE 2\u00ba DE BACHILLERATO Una vez m\u00e1s este curso hemos ido a la \u00f3pera al TCME de Torrelavega. Esta vez ha sido Tosca de Puccini. Nos gust\u00f3 mucho a todos. Tosca\u00a0se estren\u00f3 &hellip; <a href=\"http:\/\/blog.iesvalledelsaja.es\/?page_id=360\">Continue reading <span class=\"meta-nav\">&rarr;<\/span><\/a><\/p>\n","protected":false},"author":3,"featured_media":0,"parent":0,"menu_order":0,"comment_status":"open","ping_status":"open","template":"","meta":{"footnotes":""},"class_list":["post-360","page","type-page","status-publish","hentry"],"_links":{"self":[{"href":"http:\/\/blog.iesvalledelsaja.es\/index.php?rest_route=\/wp\/v2\/pages\/360","targetHints":{"allow":["GET"]}}],"collection":[{"href":"http:\/\/blog.iesvalledelsaja.es\/index.php?rest_route=\/wp\/v2\/pages"}],"about":[{"href":"http:\/\/blog.iesvalledelsaja.es\/index.php?rest_route=\/wp\/v2\/types\/page"}],"author":[{"embeddable":true,"href":"http:\/\/blog.iesvalledelsaja.es\/index.php?rest_route=\/wp\/v2\/users\/3"}],"replies":[{"embeddable":true,"href":"http:\/\/blog.iesvalledelsaja.es\/index.php?rest_route=%2Fwp%2Fv2%2Fcomments&post=360"}],"version-history":[{"count":16,"href":"http:\/\/blog.iesvalledelsaja.es\/index.php?rest_route=\/wp\/v2\/pages\/360\/revisions"}],"predecessor-version":[{"id":1328,"href":"http:\/\/blog.iesvalledelsaja.es\/index.php?rest_route=\/wp\/v2\/pages\/360\/revisions\/1328"}],"wp:attachment":[{"href":"http:\/\/blog.iesvalledelsaja.es\/index.php?rest_route=%2Fwp%2Fv2%2Fmedia&parent=360"}],"curies":[{"name":"wp","href":"https:\/\/api.w.org\/{rel}","templated":true}]}}