{"id":322,"date":"2014-03-19T19:14:29","date_gmt":"2014-03-19T18:14:29","guid":{"rendered":"http:\/\/blog.iesvalledelsaja.es\/?page_id=322"},"modified":"2015-05-27T22:24:32","modified_gmt":"2015-05-27T21:24:32","slug":"novelas-con-musica","status":"publish","type":"page","link":"http:\/\/blog.iesvalledelsaja.es\/?page_id=322","title":{"rendered":"NOVELAS CON M\u00daSICA"},"content":{"rendered":"<h1 style=\"text-align: center;\"><strong><span style=\"text-decoration: underline; color: #333333;\">La M\u00fasica est\u00e1 presente tambi\u00e9n en la Literatura&#8230;<\/span><\/strong><\/h1>\n<h2 style=\"text-align: justify;\"><span style=\"color: #333333;\">Despu\u00e9s de leer en profundidad distintas novelas con contenido musical, los alumnos de <strong>Historia de la M\u00fasica de 2\u00ba de Bachillerato<\/strong> nos lo cuentan.<\/span><\/h2>\n<h2 style=\"text-align: center;\"><span style=\"color: #333333;\">\u00a1An\u00edmate a leer con M\u00fasica!<\/span><\/h2>\n<p style=\"text-align: left;\">\u00a0<a href=\"http:\/\/blog.iesvalledelsaja.es\/wp-content\/uploads\/2014\/03\/la-foto1.jpg\"><img loading=\"lazy\" decoding=\"async\" class=\"aligncenter size-full wp-image-334\" src=\"http:\/\/blog.iesvalledelsaja.es\/wp-content\/uploads\/2014\/03\/la-foto1.jpg\" alt=\"la foto\" width=\"2592\" height=\"1936\" srcset=\"http:\/\/blog.iesvalledelsaja.es\/wp-content\/uploads\/2014\/03\/la-foto1.jpg 2592w, http:\/\/blog.iesvalledelsaja.es\/wp-content\/uploads\/2014\/03\/la-foto1-300x224.jpg 300w, http:\/\/blog.iesvalledelsaja.es\/wp-content\/uploads\/2014\/03\/la-foto1-1024x764.jpg 1024w\" sizes=\"auto, (max-width: 2592px) 100vw, 2592px\" \/><\/a><\/p>\n<h2>Curso 2014-2015<\/h2>\n<h2><em><a href=\"http:\/\/blog.iesvalledelsaja.es\/?p=839\" target=\"_blank\">&#8220;Ah\u00ed te quedas&#8221; por Celia Marcos, 21<\/a><\/em><\/h2>\n<h2><em><a href=\"http:\/\/blog.iesvalledelsaja.es\/?p=811\" target=\"_blank\">&#8220;Nunca seremos estrellas de Rock&#8221; por Alba P\u00e9rez, 22<\/a><\/em><\/h2>\n<h2><a href=\"http:\/\/blog.iesvalledelsaja.es\/?p=826\" target=\"_blank\"><em>&#8220;Play&#8221; por Jazm\u00edn Romero, 22<\/em><\/a><\/h2>\n<h2><a href=\"http:\/\/blog.iesvalledelsaja.es\/?p=928\" target=\"_blank\"><em>&#8220;Live&#8221; por Cecilia Ruiz, 21<\/em><\/a><\/h2>\n<h2><em>\u00a0<\/em><\/h2>\n<h2>Curso 2013-2014\u00a0<em><br \/>\n<\/em><\/h2>\n<h2><em><a href=\"blog.iesvalledelsaja.es\/?p=330\" target=\"_blank\">&#8220;El viol\u00edn del Diablo&#8221;<\/a><\/em><a href=\"blog.iesvalledelsaja.es\/?p=330\" target=\"_blank\"> por Aroa Vallina, 22<\/a><\/h2>\n<h2><a href=\"http:\/\/blog.iesvalledelsaja.es\/?p=383\" target=\"_blank\"><em>&#8220;El afinador de pianos&#8221;<\/em> por Mateo J\u00e1come, 21<\/a><\/h2>\n<h2><a href=\"http:\/\/blog.iesvalledelsaja.es\/?p=372\" target=\"_blank\"><em>&#8220;Una m\u00fasica constante&#8221;<\/em> por Celia Gonz\u00e1lez Samperio, 21<\/a><\/h2>\n<h2><a href=\"http:\/\/blog.iesvalledelsaja.es\/?p=386\" target=\"_blank\"><em>&#8220;Morir a los 27&#8221;<\/em> por \u00c1lvaro Men\u00e9ndez, 22<\/a><\/h2>\n<h2><a href=\"http:\/\/blog.iesvalledelsaja.es\/?p=395\" target=\"_blank\"><em>&#8220;La D\u00e9cima Sinfon\u00eda&#8221;<\/em> por \u00c1ngel Herrero, 21<\/a><\/h2>\n<p>&nbsp;<\/p>\n<h2 style=\"text-align: justify;\"><span style=\"color: #339966;\"><strong>Una vez que hayas le\u00eddo los estupendos trabajos que han realizado los alumnos de Historia de la M\u00fasica de 2\u00ba de Bachillerato, elige qu\u00e9 novela te resulta m\u00e1s atractiva de leer y explica porqu\u00e9.<\/strong><\/span><\/h2>\n<p>&nbsp;<\/p>\n","protected":false},"excerpt":{"rendered":"<p>La M\u00fasica est\u00e1 presente tambi\u00e9n en la Literatura&#8230; Despu\u00e9s de leer en profundidad distintas novelas con contenido musical, los alumnos de Historia de la M\u00fasica de 2\u00ba de Bachillerato nos lo cuentan. \u00a1An\u00edmate a leer con M\u00fasica! \u00a0 Curso 2014-2015 &hellip; <a href=\"http:\/\/blog.iesvalledelsaja.es\/?page_id=322\">Continue reading <span class=\"meta-nav\">&rarr;<\/span><\/a><\/p>\n","protected":false},"author":3,"featured_media":0,"parent":0,"menu_order":0,"comment_status":"open","ping_status":"open","template":"","meta":{"footnotes":""},"class_list":["post-322","page","type-page","status-publish","hentry"],"_links":{"self":[{"href":"http:\/\/blog.iesvalledelsaja.es\/index.php?rest_route=\/wp\/v2\/pages\/322","targetHints":{"allow":["GET"]}}],"collection":[{"href":"http:\/\/blog.iesvalledelsaja.es\/index.php?rest_route=\/wp\/v2\/pages"}],"about":[{"href":"http:\/\/blog.iesvalledelsaja.es\/index.php?rest_route=\/wp\/v2\/types\/page"}],"author":[{"embeddable":true,"href":"http:\/\/blog.iesvalledelsaja.es\/index.php?rest_route=\/wp\/v2\/users\/3"}],"replies":[{"embeddable":true,"href":"http:\/\/blog.iesvalledelsaja.es\/index.php?rest_route=%2Fwp%2Fv2%2Fcomments&post=322"}],"version-history":[{"count":20,"href":"http:\/\/blog.iesvalledelsaja.es\/index.php?rest_route=\/wp\/v2\/pages\/322\/revisions"}],"predecessor-version":[{"id":944,"href":"http:\/\/blog.iesvalledelsaja.es\/index.php?rest_route=\/wp\/v2\/pages\/322\/revisions\/944"}],"wp:attachment":[{"href":"http:\/\/blog.iesvalledelsaja.es\/index.php?rest_route=%2Fwp%2Fv2%2Fmedia&parent=322"}],"curies":[{"name":"wp","href":"https:\/\/api.w.org\/{rel}","templated":true}]}}