{"id":32,"date":"2013-03-25T20:36:31","date_gmt":"2013-03-25T19:36:31","guid":{"rendered":"http:\/\/blog.iesvalledelsaja.es\/?page_id=32"},"modified":"2022-11-08T20:51:10","modified_gmt":"2022-11-08T19:51:10","slug":"musica-en-4o-de-eso-curso-2012-2013","status":"publish","type":"page","link":"http:\/\/blog.iesvalledelsaja.es\/?page_id=32","title":{"rendered":"GRANDES DEL POP ROCK"},"content":{"rendered":"<h1 style=\"text-align: center;\"><\/h1>\n<h1 style=\"text-align: center;\"><span style=\"text-decoration: underline; color: #000000;\"><strong><span style=\"font-family: Calibri,sans-serif;\">Algunos grandes del Pop Rock<\/span><\/strong><\/span><\/h1>\n<p style=\"text-align: left;\"><span style=\"color: #000000;\"><span style=\"font-family: Calibri,sans-serif;\"><span style=\"font-size: large;\">60 a\u00f1os es muy poco tiempo en el largo camino de la Historia de la M\u00fasica, pero los \u00faltimos 60 a\u00f1os han sido especialmente ricos y fruct\u00edferos.<\/span><\/span><\/span><\/p>\n<h2 style=\"text-align: justify;\"><\/h2>\n<p><span style=\"color: #000000;\"><span style=\"font-family: Calibri,sans-serif;\"><span style=\"font-size: large;\">Desde el grupo de alumnos de <strong>M\u00fasica de 4\u00ba de la ESO<\/strong>, queremos hacer nuestro peque\u00f1o homenaje a esos m\u00fasicos que, a lo largo de ese periodo, nos han aportado sus creaciones. Superando gustos y modas, han evolucionado, subido, bajado\u2026 pero sobre todo han permanecido.<\/span><\/span><\/span><\/p>\n<h2 style=\"text-align: justify;\"><\/h2>\n<p><span style=\"color: #000000;\"><span style=\"font-family: Calibri,sans-serif;\"><span style=\"font-size: large;\">Hemos elegido m\u00fasicos que llevan m\u00e1s de treinta a\u00f1os haciendo m\u00fasica y que todav\u00eda est\u00e1n en activo. Os hablaremos de algunos de ellos\u2026<\/span><\/span><\/span><\/p>\n<ul>\n<li>\n<address><a title=\"Elthon John\" href=\"http:\/\/blog.iesvalledelsaja.es\/?p=21\" target=\"_blank\" rel=\"noopener\">Elton John<\/a><\/address>\n<\/li>\n<li>\n<address><a title=\"Bruce Springsteen\" href=\"http:\/\/blog.iesvalledelsaja.es\/?p=79\" target=\"_blank\" rel=\"noopener\">Bruce Springsteen<\/a> por Aitana Bustelo Llata, 4\u00baA<\/address>\n<\/li>\n<li>\n<address><a title=\"Metallica\" href=\"http:\/\/blog.iesvalledelsaja.es\/?p=98\" target=\"_blank\" rel=\"noopener\">Metallica<\/a> por Daniel Fern\u00e1ndez Garc\u00eda de Alfonso, 4\u00baA<\/address>\n<\/li>\n<li>\n<address><a title=\"U2\" href=\"http:\/\/blog.iesvalledelsaja.es\/?p=114\" target=\"_blank\" rel=\"noopener\">U2<\/a> por Jazm\u00edn Romero Ruiz, 4\u00baA<\/address>\n<\/li>\n<li>\n<address><a title=\"Sabina\" href=\"http:\/\/blog.iesvalledelsaja.es\/?p=70\" target=\"_blank\" rel=\"noopener\">Joaqu\u00edn Sabina<\/a> por V\u00edctor D\u00edaz Gomez, 4\u00baC<\/address>\n<\/li>\n<li>\n<address><a title=\"Dylan\" href=\"http:\/\/blog.iesvalledelsaja.es\/?p=124\" target=\"_blank\" rel=\"noopener\">Bob Dylan<\/a> por Adolfo Gonz\u00e1lez Guti\u00e9rrez, 4\u00baA<\/address>\n<\/li>\n<li>\n<address><a title=\"Deep Purple\" href=\"http:\/\/blog.iesvalledelsaja.es\/?p=131\" target=\"_blank\" rel=\"noopener\">Deep Purple<\/a> por Iv\u00e1n Lastra Mart\u00edn, 4\u00baA<\/address>\n<\/li>\n<\/ul>\n<h2 style=\"text-align: justify;\"><\/h2>\n","protected":false},"excerpt":{"rendered":"<p>Algunos grandes del Pop Rock 60 a\u00f1os es muy poco tiempo en el largo camino de la Historia de la M\u00fasica, pero los \u00faltimos 60 a\u00f1os han sido especialmente ricos y fruct\u00edferos. Desde el grupo de alumnos de M\u00fasica de &hellip; <a href=\"http:\/\/blog.iesvalledelsaja.es\/?page_id=32\">Continue reading <span class=\"meta-nav\">&rarr;<\/span><\/a><\/p>\n","protected":false},"author":3,"featured_media":0,"parent":0,"menu_order":0,"comment_status":"open","ping_status":"open","template":"","meta":{"footnotes":""},"class_list":["post-32","page","type-page","status-publish","hentry"],"_links":{"self":[{"href":"http:\/\/blog.iesvalledelsaja.es\/index.php?rest_route=\/wp\/v2\/pages\/32","targetHints":{"allow":["GET"]}}],"collection":[{"href":"http:\/\/blog.iesvalledelsaja.es\/index.php?rest_route=\/wp\/v2\/pages"}],"about":[{"href":"http:\/\/blog.iesvalledelsaja.es\/index.php?rest_route=\/wp\/v2\/types\/page"}],"author":[{"embeddable":true,"href":"http:\/\/blog.iesvalledelsaja.es\/index.php?rest_route=\/wp\/v2\/users\/3"}],"replies":[{"embeddable":true,"href":"http:\/\/blog.iesvalledelsaja.es\/index.php?rest_route=%2Fwp%2Fv2%2Fcomments&post=32"}],"version-history":[{"count":24,"href":"http:\/\/blog.iesvalledelsaja.es\/index.php?rest_route=\/wp\/v2\/pages\/32\/revisions"}],"predecessor-version":[{"id":1324,"href":"http:\/\/blog.iesvalledelsaja.es\/index.php?rest_route=\/wp\/v2\/pages\/32\/revisions\/1324"}],"wp:attachment":[{"href":"http:\/\/blog.iesvalledelsaja.es\/index.php?rest_route=%2Fwp%2Fv2%2Fmedia&parent=32"}],"curies":[{"name":"wp","href":"https:\/\/api.w.org\/{rel}","templated":true}]}}