{"id":1259,"date":"2022-03-15T13:45:03","date_gmt":"2022-03-15T12:45:03","guid":{"rendered":"http:\/\/blog.iesvalledelsaja.es\/?page_id=1259"},"modified":"2022-03-15T13:45:03","modified_gmt":"2022-03-15T12:45:03","slug":"mujeres-en-la-musica","status":"publish","type":"page","link":"http:\/\/blog.iesvalledelsaja.es\/?page_id=1259","title":{"rendered":"MUJERES EN LA M\u00daSICA"},"content":{"rendered":"\n<p class=\"has-text-align-left has-blue-color has-text-color\">Quien m\u00e1s, quien menos, conoce nombres de compositores famosos  que han trascendido a su \u00e9poca. Sin embargo, se conocen muy pocos nombres de compositoras que  dejaron un legado importante en el mundo de la m\u00fasica.<\/p>\n\n\n\n<p class=\"has-text-align-left has-blue-color has-text-color\">Es nuestra obligaci\u00f3n, como docentes, darlas a conocer y resaltar la importancia que han tenido y que durante tanto tiempo se les ha negado.<\/p>\n\n\n\n<p class=\"has-text-align-left has-blue-color has-text-color\">Con motivo del d\u00eda de la mujer, para este \u00faltimo 8 de marzo los alumnos del Taller de M\u00fasica de 3\u00ba de ESO han estado investigando sobre distintas mujeres m\u00fasicas a trav\u00e9s de la historia.<\/p>\n\n\n\n<p class=\"has-text-align-left has-blue-color has-text-color\">Cada uno ha buscado informaci\u00f3n sobre una compositora, y ha elaborado un podcast para contar esa informaci\u00f3n, acompa\u00f1ando cada uno de ellos con m\u00fasica de cada autora. Los pod\u00e9is o\u00edr a continuaci\u00f3n.<\/p>\n\n\n\n<p><strong>Pinar Toprak<\/strong> (1980), por Marina Pesquera de la Vega, 3\u00baA<\/p>\n\n\n\n<p>\u00a0\u00a0\u00a0\u00a0\u00a0\u00a0\u00a0\u00a0\u00a0\u00a0\u00a0 <em>Banda sonora \u201cThe End &#8211; Fornite\u201d<\/em><\/p>\n\n\n\n<figure class=\"wp-block-embed is-type-rich is-provider-soundcloud wp-block-embed-soundcloud\"><div class=\"wp-block-embed__wrapper\">\n<iframe loading=\"lazy\" title=\"Pinar Toprak by Musicasaja\" width=\"640\" height=\"400\" scrolling=\"no\" frameborder=\"no\" src=\"https:\/\/w.soundcloud.com\/player\/?visual=true&#038;url=https%3A%2F%2Fapi.soundcloud.com%2Ftracks%2F1230317425&#038;show_artwork=true&#038;maxheight=960&#038;maxwidth=640\"><\/iframe>\n<\/div><\/figure>\n\n\n\n<p><strong>Wendy Carlos<\/strong> (1939), por Izan Gonz\u00e1lez Rodr\u00edguez, 3\u00baA<\/p>\n\n\n\n<p>&nbsp;&nbsp;&nbsp;&nbsp;&nbsp;&nbsp;&nbsp;&nbsp;&nbsp;&nbsp;&nbsp; <em>\u201cConcierto de Bandemburgo n\u00ba3 en Sol M. BWV 1048 I\u201d de J.S. Bach<\/em><\/p>\n\n\n\n<p><em>\u00a0\u00a0\u00a0\u00a0\u00a0\u00a0\u00a0\u00a0\u00a0\u00a0\u00a0 Interpretado por Wendy Carlos<\/em><\/p>\n\n\n\n<figure class=\"wp-block-embed is-type-rich is-provider-soundcloud wp-block-embed-soundcloud\"><div class=\"wp-block-embed__wrapper\">\n<iframe loading=\"lazy\" title=\"Wendy Carlos by Musicasaja\" width=\"640\" height=\"400\" scrolling=\"no\" frameborder=\"no\" src=\"https:\/\/w.soundcloud.com\/player\/?visual=true&#038;url=https%3A%2F%2Fapi.soundcloud.com%2Ftracks%2F1230317050&#038;show_artwork=true&#038;maxheight=960&#038;maxwidth=640\"><\/iframe>\n<\/div><\/figure>\n\n\n\n<p><strong>Fanny Mendelssohn<\/strong> (1805-1847), por Isaac Celorio Cadavieco, 3\u00baA<\/p>\n\n\n\n<p>&nbsp;&nbsp;&nbsp;&nbsp;&nbsp;&nbsp;&nbsp;&nbsp;&nbsp;&nbsp;&nbsp; <em>\u201cNocturno en sol menor\u201d<\/em><\/p>\n\n\n\n<p><em>\u00a0\u00a0\u00a0\u00a0\u00a0\u00a0\u00a0\u00a0\u00a0\u00a0\u00a0 Interpretado por Heather Schmidt<\/em><\/p>\n\n\n\n<figure class=\"wp-block-embed is-type-rich is-provider-soundcloud wp-block-embed-soundcloud\"><div class=\"wp-block-embed__wrapper\">\n<iframe loading=\"lazy\" title=\"Fanny Mendelssohn by Musicasaja\" width=\"640\" height=\"400\" scrolling=\"no\" frameborder=\"no\" src=\"https:\/\/w.soundcloud.com\/player\/?visual=true&#038;url=https%3A%2F%2Fapi.soundcloud.com%2Ftracks%2F1230315850&#038;show_artwork=true&#038;maxheight=960&#038;maxwidth=640\"><\/iframe>\n<\/div><\/figure>\n\n\n\n<p><strong>Nanerl Mozart<\/strong> (1751-1829), por Claudia Lamadrid Villanueva, 3\u00baD<\/p>\n\n\n\n<p>&nbsp;&nbsp;&nbsp;&nbsp;&nbsp;&nbsp;&nbsp;&nbsp;&nbsp;&nbsp;&nbsp; <em>\u201cNanerl Notebuch, KV 1b y KV2b\u201d de Leopoldo Mozart<\/em><\/p>\n\n\n\n<p><em>\u00a0\u00a0\u00a0\u00a0\u00a0\u00a0\u00a0\u00a0\u00a0\u00a0\u00a0 Interpretado por Alan Chan<\/em><\/p>\n\n\n\n<figure class=\"wp-block-embed is-type-rich is-provider-soundcloud wp-block-embed-soundcloud\"><div class=\"wp-block-embed__wrapper\">\n<iframe loading=\"lazy\" title=\"Nanerl Mozart by Musicasaja\" width=\"640\" height=\"400\" scrolling=\"no\" frameborder=\"no\" src=\"https:\/\/w.soundcloud.com\/player\/?visual=true&#038;url=https%3A%2F%2Fapi.soundcloud.com%2Ftracks%2F1230316807&#038;show_artwork=true&#038;maxheight=960&#038;maxwidth=640\"><\/iframe>\n<\/div><\/figure>\n\n\n\n<p><strong>Francesca Caccini<\/strong> (1587-despu\u00e9s de 1641), por Nerea Garc\u00eda D\u00edez, 3\u00baB<\/p>\n\n\n\n<p>&nbsp;&nbsp;&nbsp;&nbsp;&nbsp;&nbsp;&nbsp;&nbsp;&nbsp;&nbsp;&nbsp; <em>Romanesca instrumental \u201cIl primo libro delle musiche\u201d<\/em><\/p>\n\n\n\n<p><em>\u00a0\u00a0\u00a0\u00a0\u00a0\u00a0\u00a0\u00a0\u00a0\u00a0\u00a0 Interpretado por Abraham Saakian<\/em><\/p>\n\n\n\n<figure class=\"wp-block-embed is-type-rich is-provider-soundcloud wp-block-embed-soundcloud\"><div class=\"wp-block-embed__wrapper\">\n<iframe loading=\"lazy\" title=\"Francesca Caccini by Musicasaja\" width=\"640\" height=\"400\" scrolling=\"no\" frameborder=\"no\" src=\"https:\/\/w.soundcloud.com\/player\/?visual=true&#038;url=https%3A%2F%2Fapi.soundcloud.com%2Ftracks%2F1230316231&#038;show_artwork=true&#038;maxheight=960&#038;maxwidth=640\"><\/iframe>\n<\/div><\/figure>\n\n\n\n<p><strong>Maddalena Casulana<\/strong> (1544-1590), por Adriana Sainz Garc\u00eda<\/p>\n\n\n\n<p>&nbsp;&nbsp;&nbsp;&nbsp;&nbsp;&nbsp;&nbsp;&nbsp;&nbsp;&nbsp;&nbsp; <em>Madrigal \u201cVagh\u2019 amorosi augelli\u201d<\/em><\/p>\n\n\n\n<p><em>\u00a0\u00a0\u00a0\u00a0\u00a0\u00a0\u00a0\u00a0\u00a0\u00a0\u00a0 Interpretado por Ensemble Laus Concentus<\/em><\/p>\n\n\n\n<figure class=\"wp-block-embed is-type-rich is-provider-soundcloud wp-block-embed-soundcloud\"><div class=\"wp-block-embed__wrapper\">\n<iframe loading=\"lazy\" title=\"Madalena Casulana by Musicasaja\" width=\"640\" height=\"400\" scrolling=\"no\" frameborder=\"no\" src=\"https:\/\/w.soundcloud.com\/player\/?visual=true&#038;url=https%3A%2F%2Fapi.soundcloud.com%2Ftracks%2F1230316597&#038;show_artwork=true&#038;maxheight=960&#038;maxwidth=640\"><\/iframe>\n<\/div><\/figure>\n\n\n\n<p><\/p>\n","protected":false},"excerpt":{"rendered":"<p>Quien m\u00e1s, quien menos, conoce nombres de compositores famosos que han trascendido a su \u00e9poca. Sin embargo, se conocen muy pocos nombres de compositoras que dejaron un legado importante en el mundo de la m\u00fasica. Es nuestra obligaci\u00f3n, como docentes, &hellip; <a href=\"http:\/\/blog.iesvalledelsaja.es\/?page_id=1259\">Continue reading <span class=\"meta-nav\">&rarr;<\/span><\/a><\/p>\n","protected":false},"author":3,"featured_media":0,"parent":0,"menu_order":0,"comment_status":"closed","ping_status":"closed","template":"","meta":{"footnotes":""},"class_list":["post-1259","page","type-page","status-publish","hentry"],"_links":{"self":[{"href":"http:\/\/blog.iesvalledelsaja.es\/index.php?rest_route=\/wp\/v2\/pages\/1259","targetHints":{"allow":["GET"]}}],"collection":[{"href":"http:\/\/blog.iesvalledelsaja.es\/index.php?rest_route=\/wp\/v2\/pages"}],"about":[{"href":"http:\/\/blog.iesvalledelsaja.es\/index.php?rest_route=\/wp\/v2\/types\/page"}],"author":[{"embeddable":true,"href":"http:\/\/blog.iesvalledelsaja.es\/index.php?rest_route=\/wp\/v2\/users\/3"}],"replies":[{"embeddable":true,"href":"http:\/\/blog.iesvalledelsaja.es\/index.php?rest_route=%2Fwp%2Fv2%2Fcomments&post=1259"}],"version-history":[{"count":8,"href":"http:\/\/blog.iesvalledelsaja.es\/index.php?rest_route=\/wp\/v2\/pages\/1259\/revisions"}],"predecessor-version":[{"id":1268,"href":"http:\/\/blog.iesvalledelsaja.es\/index.php?rest_route=\/wp\/v2\/pages\/1259\/revisions\/1268"}],"wp:attachment":[{"href":"http:\/\/blog.iesvalledelsaja.es\/index.php?rest_route=%2Fwp%2Fv2%2Fmedia&parent=1259"}],"curies":[{"name":"wp","href":"https:\/\/api.w.org\/{rel}","templated":true}]}}